{"id":1053,"date":"2026-02-18T19:06:45","date_gmt":"2026-02-18T18:06:45","guid":{"rendered":"https:\/\/www.hotelgastinger.de\/?page_id=1053"},"modified":"2026-03-08T20:54:32","modified_gmt":"2026-03-08T19:54:32","slug":"kulinarische-arrangements","status":"publish","type":"page","link":"https:\/\/www.hotelgastinger.de\/en\/kulinarische-arrangements\/","title":{"rendered":"Kulinarische Arrangements"},"content":{"rendered":"<ul>\n<li>\n<p>        <img decoding=\"async\" src=\"\/wp-content\/uploads\/2026\/02\/Arrangement_Buetenzauber_Foto-scaled.jpg\" alt=\"\"><\/p>\n<\/li>\n<li>\n<\/li>\n<\/ul>\n<p><img decoding=\"async\" src=\"\/wp-content\/uploads\/2026\/01\/Schriftzug-Geniesse-den-Tagx.svg\" alt=\"\"><\/p>\n<h1>Wir haben verschiedene Arrangements f\u00fcr Sie zusammengestellt \u2013 erleben Sie genussvolle Momente!<\/h1>\n<ul>\n<li>\n<h3>Men\u00fc Bl\u00fctenzauber<\/h3>\n<p>4-Gang-Men\u00fc\u00a0f\u00fcr 2 Personen &#8211; 110 \u20ac<\/p>\n<div>\n<ul>\n<li><em>Aperitif &#8211; <\/em>Rosenbowle\u00a0<\/li>\n<li><em>Amuse-Bouche &#8211; <\/em>Kleine Butterrose mit Brot\u00a0<\/li>\n<li><em>Vorspeise &#8211; <\/em>Lachsrose mit R\u00f6sti\u00a0<\/li>\n<li><em>Suppe &#8211; <\/em>Kr\u00e4utersuppe<\/li>\n<li><em>Hauptgang &#8211; <\/em>Wildsteak mit Waldpilzen, Blumenkohl und Th\u00fcringer Kl\u00f6\u00dfen\u00a0\u00a0<\/li>\n<li><em>Dessert &#8211; <\/em>\u00dcberraschungsdessert<\/li>\n<\/ul>\n<p><em>Zum guten Ende &#8230;<\/em>\u00a0Espresso<\/p>\n<\/div>\n<\/li>\n<li>\n<h3>Romantischer Abend 1<\/h3>\n<p>4-Gang-Men\u00fc f\u00fcr 2 Personen &#8211; 95 \u20ac<\/p>\n<div>\n<ul>\n<li><em>Aperitif<\/em> \u2013 Campari Orange<\/li>\n<li><em>Amuse-Bouche<\/em> \u2013 Knoblauchbutter mit Brotherzen\u00a0<\/li>\n<li><em>Vorspeise<\/em> \u2013 Gefl\u00fcgelsalat auf dem Paradiesapfel\u00a0<\/li>\n<li><em>Suppe<\/em> \u2013 Hochzeitss\u00fcppchen<\/li>\n<li><em>Hauptgang<\/em> \u2013 Steakvariation mit Buttergem\u00fcse und dazu Babsh\u00fcllerle\u00a0\u00a0<\/li>\n<li><em>Dessert<\/em> \u2013 Liebeseisbecher<\/li>\n<\/ul>\n<p><em>Zum guten Ende<\/em> \u2026 \u201eKaffee f\u00fcr Zwei\u201c\u00a0<\/p>\n<\/div>\n<\/li>\n<li>\n<h3>Romantischer Abend 2 <\/h3>\n<p>5-Gang-Men\u00fc, zu jedem Hauptgang ein Glas Wein f\u00fcr 2 Personen &#8211; 120 \u20ac<\/p>\n<div>\n<ul>\n<li><em>Aperitif<\/em> &#8211; Campari Orange\u00a0<\/li>\n<li><em>Amuse-Bouche<\/em> &#8211; Knoblauchbutter mit Brottherzen\u00a0<\/li>\n<li><em>Vorspeise<\/em> &#8211; Gefl\u00fcgelsalat auf dem Paradiesapfel\u00a0\u00a0<\/li>\n<li><em>Suppe<\/em> &#8211; Hochzeitss\u00fcppchen\u00a0<\/li>\n<li><em>Zwischengang<\/em> &#8211; Fischarrangement an Rahmso\u00dfe mit Safran-Reis<\/li>\n<\/ul>\n<p><em>Wei\u00dfwein<\/em>: Saale\/Unstrut, Muller-Thurgau trocken\u00a0\u00a0<\/p>\n<ul>\n<li><em>Hauptgang<\/em> &#8211; Steakvariation mit Buttergem\u00fcse und dazu Babsh\u00fcllerle\u00a0<\/li>\n<\/ul>\n<p><em>Rotwein<\/em>: Nahe \/M\u00fcnst. K\u00f6nigsschlo\u00df Dornfelder trocken\u00a0<\/p>\n<ul>\n<li><em>Dessert<\/em> &#8211; Liebeseisbecher\u00a0<\/li>\n<\/ul>\n<p><em>Zum guten Ende<\/em> &#8230; \u201eKaffee f\u00fcr Zwei\u201c<\/p>\n<\/div>\n<\/li>\n<li>\n<h3>Romantischer Abend vegetarisch 1<\/h3>\n<p>4-Gang-Men\u00fc f\u00fcr 2 Personen &#8211; 95 \u20ac<\/p>\n<div>\n<ul>\n<li>\u00a0<em>Aperitif<\/em> \u2013 Campari Orange<\/li>\n<li><em>Amuse-Bouche<\/em> \u2013 Knoblauchbutter mit Brotherzen<\/li>\n<li><em>Vorspeise<\/em> \u2013 Fr\u00fcchtecocktail<\/li>\n<li><em>Suppe<\/em> \u2013 Cremige Pilzsuppe<\/li>\n<li><em>Hauptgang<\/em> \u2013 Risotto der Saison<\/li>\n<li><em>Dessert<\/em> \u2013 Liebeseisbecher<\/li>\n<\/ul>\n<p><em>Zum guten Ende<\/em> \u2026 <span>\u201e<\/span>Kaffee f\u00fcr Zwei<span>\u201c<\/span><\/p>\n<\/div>\n<\/li>\n<li>\n<h3>Romantischer Abend vegetarisch 2 <\/h3>\n<p>5-Gang-Men\u00fc, zu jedem Hauptgang ein Glas Wein f\u00fcr 2 Personen &#8211; 120\u20ac <\/p>\n<div>\n<ul>\n<li><em>Aperitif<\/em> \u2013 Campari Orange aus der Frucht<\/li>\n<li><em>Amuse-Bouche<\/em> \u2013 Knoblauchbutter mit Brotherzen<\/li>\n<li><em>Vorspeise<\/em> \u2013 Fr\u00fcchtecocktail<\/li>\n<li><em>Suppe<\/em> \u2013 Cremige Pilzsuppe<\/li>\n<li><em>Zwischengang<\/em> \u2013 Gem\u00fcsespie\u00df<\/li>\n<\/ul>\n<p><em>Wei\u00dfwein<\/em>: Saale\/Unstrut, M\u00fcller-Thurgau trocken<\/p>\n<ul>\n<li><em>Hauptgang<\/em> \u2013 Risotto der Region<\/li>\n<\/ul>\n<p style=\"text-align: left;\"><em>Rotwein<\/em>: Nahe \/M\u00fcnst. K\u00f6nigsschlo\u00df Dornfelder trocken<\/p>\n<ul>\n<li><em>Dessert<\/em> \u2013 Liebeseisbecher<\/li>\n<\/ul>\n<p><em>Zum guten Ende<\/em> \u2026 \u201eKaffee f\u00fcr Zwei\u201c<\/p>\n<\/div>\n<\/li>\n<li>\n<h3>Romantischer Abend vegan<\/h3>\n<p>4-Gang-Men\u00fc f\u00fcr 2 Personen &#8211; 95\u20ac<\/p>\n<div>\n<ul>\n<li><em>Aperitif<\/em> \u2013 Campari Orange<\/li>\n<li><em>Amuse-Bouche<\/em> \u2013 Pestoherzen<\/li>\n<li><em>Vorspeise<\/em> \u2013 Tabouleh-Salat<\/li>\n<li><em>Suppe<\/em> \u2013 Cremige Pilzsuppe<\/li>\n<li><em>Hauptgang<\/em> \u2013 Fettuccine im Gem\u00fcsebett<\/li>\n<li><em>Dessert<\/em> \u2013 Obst an Weinbrand<\/li>\n<\/ul>\n<p><em>Zum guten Ende<\/em> \u2026 \u201eKaffee f\u00fcr Zwei\u201c<\/p>\n<\/div>\n<\/li>\n<\/ul>\n<p><!--more--><br \/>\n<!-- {\"type\":\"layout\",\"children\":[{\"type\":\"section\",\"props\":{\"header_transparent\":true,\"header_transparent_noplaceholder\":true,\"header_transparent_text_color\":\"light\",\"image_height\":1200,\"image_position\":\"center-center\",\"image_width\":1200,\"overlap\":false,\"padding_bottom\":\"none\",\"padding_remove_horizontal\":false,\"padding_top\":\"none\",\"preserve_color\":false,\"style\":\"default\",\"title_breakpoint\":\"xl\",\"title_position\":\"top-left\",\"title_rotation\":\"left\",\"vertical_align\":\"middle\",\"width\":\"\"},\"children\":[{\"type\":\"row\",\"children\":[{\"type\":\"column\",\"props\":{\"image_position\":\"center-center\",\"position_sticky_breakpoint\":\"m\"},\"children\":[{\"type\":\"slideshow\",\"props\":{\"height_expand\":false,\"height_viewport_offset\":false,\"link_style\":\"default\",\"link_text\":\"Read more\",\"margin_bottom\":\"default\",\"margin_top\":\"default\",\"meta_align\":\"below-title\",\"meta_element\":\"div\",\"meta_style\":\"text-meta\",\"nav\":\"\",\"nav_align\":\"center\",\"nav_breakpoint\":\"s\",\"nav_position\":\"bottom-center\",\"nav_position_margin\":\"\",\"overlay_animation\":\"parallax\",\"overlay_container\":\"default\",\"overlay_link\":false,\"overlay_position\":\"center\",\"show_content\":true,\"show_link\":true,\"show_meta\":true,\"show_thumbnail\":true,\"show_title\":true,\"slidenav\":\"\",\"slidenav_breakpoint\":\"s\",\"slidenav_margin\":\"medium\",\"slidenav_outside_breakpoint\":\"xl\",\"slideshow_autoplay\":true,\"slideshow_autoplay_pause\":true,\"slideshow_min_height\":300,\"slideshow_ratio\":\"16:10\",\"thumbnav_height\":\"75\",\"thumbnav_svg_color\":\"emphasis\",\"thumbnav_width\":\"100\",\"title_element\":\"h3\",\"title_hover_style\":\"reset\"},\"children\":[{\"type\":\"slideshow_item\",\"props\":{\"image\":\"wp-content\/uploads\/2026\/02\/Arrangement_Buetenzauber_Foto-scaled.jpg\"}},{\"type\":\"slideshow_item\",\"props\":{\"image\":\"\"}}]},{\"type\":\"image\",\"props\":{\"animation\":\"parallax\",\"blend\":false,\"image\":\"wp-content\/uploads\/2026\/01\/Schriftzug-Geniesse-den-Tagx.svg\",\"image_focal_point\":\"center-right\",\"image_svg_color\":\"warning\",\"image_svg_inline\":true,\"image_width\":500,\"margin_bottom\":\"default\",\"margin_top\":\"default\",\"parallax_blur\":\"29\",\"parallax_y\":\"-420\",\"position\":\"absolute\",\"position_left\":\"0\",\"position_top\":\"1000\",\"position_z_index\":\"0\",\"text_align\":\"center\"}}]}],\"props\":{\"alignment\":\"center\",\"column_gap\":\"collapse\",\"height\":\"pixels\",\"margin_bottom\":\"remove\",\"margin_top\":\"remove\",\"row_gap\":\"collapse\"}}],\"name\":\"SLIDE\"},{\"type\":\"section\",\"props\":{\"image_position\":\"center-center\",\"style\":\"default\",\"title_breakpoint\":\"xl\",\"title_position\":\"top-left\",\"title_rotation\":\"left\",\"vertical_align\":\"middle\",\"width\":\"default\"},\"children\":[{\"type\":\"row\",\"children\":[{\"type\":\"column\",\"props\":{\"image_position\":\"center-center\",\"position_sticky_breakpoint\":\"m\"},\"children\":[{\"type\":\"headline\",\"props\":{\"content\":\"Wir haben verschiedene Arrangements f\u00fcr Sie zusammengestellt \u2013 erleben Sie genussvolle Momente!\",\"image_align\":\"left\",\"image_margin\":\"xsmall\",\"title_element\":\"h1\"}},{\"name\":\"Switcher Tabs Top Image Bottom\",\"type\":\"switcher\",\"children\":[{\"type\":\"switcher_item\",\"props\":{\"content\":\"\n\n<p>4-Gang-Men\u00fc\u00a0<\/p>\n\n\\n\n\n<p>f\u00fcr 2 Personen<\/p>\n\n\\n\n\n<p>110 \u20ac<\/p>\n\n\\n\n\n\n\n\\n\n\n<ul>\\n\n\n<li><em>Aperitif <\/em>Campari\u00a0Rosenbowle\u00a0<\/li>\n\n\\n\n\n<li><em>Amuse-Bouche <\/em>Kleine Butterrose mit Toast\u00a0<\/li>\n\n\\n\n\n<li><em>Vorspeise <\/em>Lachsrose mit R\u00f6sti\u00a0<\/li>\n\n\\n\n\n<li><em>Suppe <\/em>Kr\u00e4utersuppe<\/li>\n\n\\n\n\n<li><em>Hauptgang <\/em>Wildsteak mit Waldpilzen, Blumenkohl und Th\u00fcringer Kl\u00f6\u00dfen\u00a0\u00a0<\/li>\n\n\\n\n\n<li><em>Dessert <\/em>\u00dcberraschungsdessert<\/li>\n\n\\n<\/ul>\n\n\\n\n\n<p><em>Zum guten Ende ...<\/em>\u00a0Espresso<\/p>\n\n\",\"meta\":\"\",\"title\":\"Men\u00fc Bl\u00fctenzauber\"}},{\"type\":\"switcher_item\",\"props\":{\"content\":\"\n\n<p>4-Gang-Men\u00fc<\/p>\n\n\\n\n\n<p>f\u00fcr 2 Personen<\/p>\n\n\\n\n\n<p>95 \u20ac<\/p>\n\n\\n\n\n\n\n\\n\n\n<ul>\\n\n\n<li>Aperitif - Campari Orange aus der Frucht\u00a0\u00a0<\/li>\n\n\\n\n\n<li>Amuse-Bouche - Knoblauchbutter mit Toastherzen\u00a0<\/li>\n\n\\n\n\n<li>Vorspeise - Gefl\u00fcgelsalat auf dem Paradiesapfel\u00a0<\/li>\n\n\\n\n\n<li>Suppe - Hochzeitss\u00fcppchen<\/li>\n\n\\n\n\n<li>Hauptgang - Steakvariation mit Buttergem\u00fcse und dazu Babsh\u00fcllerle\u00a0\u00a0<\/li>\n\n\\n\n\n<li>Dessert - Liebeseisbecher<\/li>\n\n\\n<\/ul>\n\n\\n\n\n<p>\u2022 Zum guten Ende ... \u201eKaffee f\u00fcr Zwei\u201c\u00a0<\/p>\n\n\",\"title\":\"Romantischer Abend 1\"}},{\"type\":\"switcher_item\",\"props\":{\"content\":\"\n\n<p>5-Gang-Men\u00fc, zu jedem Hauptgang ein Glas Wein\u00a0<\/p>\n\n\\n\n\n<p>f\u00fcr 2 Personen<\/p>\n\n\\n\n\n<p>120 \u20ac<\/p>\n\n\\n\n\n\n\n\\n\n\n<ul>\\n\n\n<li>Aperitif - Campari Orange aus der Frucht\u00a0\u00a0<\/li>\n\n\\n\n\n<li>Amuse-Bouche - Knoblauchbutter mit Toastherzen\u00a0<\/li>\n\n\\n\n\n<li>Vorspeise - Gefl\u00fcgelsalat auf dem Paradiesapfel\u00a0\u00a0<\/li>\n\n\\n\n\n<li>Suppe - Hochzeitss\u00fcppchen\u00a0<\/li>\n\n\\n\n\n<li>Zwischengang - Fischarrangement an Rahmso\u00dfe mit Safran-Reis<\/li>\n\n\\n<\/ul>\n\n\\n\n\n<p>\u00a0 \u00a0 \u00a0 \u00a0\u00a0 Wei\u00dfwein: Saale\/Unstrut, Muller-Thurgau trocken\u00a0\u00a0<\/p>\n\n\\n\n\n<ul>\\n\n\n<li>Hauptgang - Steakvariation mit Buttergem\u00fcse und dazu Babsh\u00fcllerle\u00a0<\/li>\n\n\\n<\/ul>\n\n\\n\n\n<p>\u00a0\u00a0 \u00a0 \u00a0 \u00a0\u00a0 Rotwein: Nahe \/M\u00fcnst. K\u00f6nigsschlo\u00df Dornfelder trocken\u00a0<\/p>\n\n\\n\n\n<ul>\\n\n\n<li>Dessert - Liebeseisbecher\u00a0<\/li>\n\n\\n\n\n<li>Zum guten Ende ... \u201eKaffee f\u00fcr Zwei\u201c<\/li>\n\n\\n<\/ul>\n\n\",\"title\":\"Romantischer Abend 2 \"}},{\"type\":\"switcher_item\",\"props\":{\"content\":\"\n\n<p>4-Gang-Men\u00fc<\/p>\n\n\\n\n\n<p>f\u00fcr 2 Personen<\/p>\n\n\\n\n\n<p>95 \u20ac<\/p>\n\n\\n\n\n<p>\u2022 Aperitif - Campari Orange aus der Frucht\u00a0<br \/>\u2022 Amuse-Bouche - Knoblauchbutter mit Toastherzen\u00a0<br \/>\u2022 Vorspeise - Fr\u00fcchtecocktail<br \/>\u2022 Suppe - Champignonsuppe<br \/>\u2022 Hauptgang - Risotto der Saison\u00a0<br \/>\u2022 Dessert - Liebeseisbecher<br \/>\u2022 Zum guten Ende ... \u201eKaffee f\u00fcr Zwe<\/p>\n\n\\n\n\n<ul><\/ul>\n\n\",\"title\":\"Romantischer Abend vegetarisch 1\"}},{\"type\":\"switcher_item\",\"props\":{\"content\":\"\n\n<p>5-Gang-Men\u00fc, zu jedem Hauptgang ein Glas Wein<\/p>\n\n\\n\n\n<p>f\u00fcr 2 Personen<\/p>\n\n\\n\n\n<p>120\u20ac\u00a0 \u00a0<\/p>\n\n\\n\n\n\n\n\\n\n\n<ul>\\n\n\n<li>Aperitif - Campari Orange aus der Frucht<br \/>\u2022 Amuse-Bouche - Knoblauchbutter mit Toastherzen<br \/>\u2022 Vorspeise - Fr\u00fcchtecocktail\u00a0<br \/>\u2022 Suppe - Champignonsuppe<br \/>\u2022 Zwischengang - Gem\u00fcsespie\u00df<br \/>Wei\u00dfwein: Saale\/Unstrut, M\u00fcller-Thurgau trocken \u00a0<br \/>\u2022 Hauptgang - Risotto der Region<br \/>Rotwein: Nahe \/M\u00fcnst. K\u00f6nigsschlo\u00df Dornfelder trocken<br \/>\u2022 Dessert - Liebeseisbecher<br \/>\u2022 Zum guten Ende ...\u00a0\u00a0\u00a0\u00a0\u00a0 \u201eKaffee f\u00fcr Zwei\u201c<\/li>\n\n\\n<\/ul>\n\n\",\"title\":\"Romantischer Abend vegetarisch 2 \"}},{\"type\":\"switcher_item\",\"props\":{\"content\":\"\n\n<p>4-Gang-Men\u00fc<\/p>\n\n\\n\n\n<p>f\u00fcr 2 Personen<\/p>\n\n\\n\n\n<p>95\u20ac\u00a0<\/p>\n\n\\n\n\n<p>Aperitif - Campari Orange aus der Frucht\u00a0<br \/>Amuse-Bouche - Pestoherzen\u00a0<br \/>Vorspeise - Tabouleh-Salat<br \/>Suppe - Champignonsuppe<br \/>Hauptgang \u2013 Fettuccine im Gem\u00fcsebett<br \/>Dessert - Obst an Weinbrand<br \/>Zum guten Ende ...\u00a0\u00a0\u00a0 \u201eKaffee f\u00fcr Zwei\u201c<\/p>\n\n\",\"title\":\"Romantischer Abend vegan\"}}],\"props\":{\"content_column_breakpoint\":\"m\",\"image_align\":\"bottom\",\"image_grid_breakpoint\":\"m\",\"image_grid_width\":\"auto\",\"image_svg_color\":\"emphasis\",\"image_svg_inline\":true,\"image_vertical_align\":true,\"link_style\":\"default\",\"link_text\":\"Read more\",\"margin_bottom\":\"default\",\"margin_top\":\"default\",\"meta_align\":\"below-title\",\"meta_element\":\"div\",\"meta_style\":\"text-meta\",\"nav\":\"tab\",\"nav_align\":\"left\",\"nav_grid_breakpoint\":\"m\",\"nav_grid_width\":\"auto\",\"nav_margin\":\"medium\",\"nav_position\":\"top\",\"show_content\":true,\"show_image\":true,\"show_label\":true,\"show_link\":true,\"show_meta\":true,\"show_thumbnail\":true,\"show_title\":false,\"status\":\"disabled\",\"switcher_animation\":\"fade\",\"switcher_height\":true,\"thumbnav_height\":\"75\",\"thumbnav_svg_color\":\"emphasis\",\"thumbnav_width\":\"100\",\"title_align\":\"top\",\"title_element\":\"h3\",\"title_grid_breakpoint\":\"m\",\"title_grid_width\":\"1-2\"}},{\"name\":\"Description List Meta Below Title\",\"type\":\"description_list\",\"children\":[{\"type\":\"description_list_item\",\"props\":{\"content\":\"\n\n<ul>\\n\n\n<li><em>Aperitif - <\/em>Rosenbowle\u00a0<\/li>\n\n\\n\n\n<li><em>Amuse-Bouche - <\/em>Kleine Butterrose mit Brot\u00a0<\/li>\n\n\\n\n\n<li><em>Vorspeise - <\/em>Lachsrose mit R\u00f6sti\u00a0<\/li>\n\n\\n\n\n<li><em>Suppe - <\/em>Kr\u00e4utersuppe<\/li>\n\n\\n\n\n<li><em>Hauptgang - <\/em>Wildsteak mit Waldpilzen, Blumenkohl und Th\u00fcringer Kl\u00f6\u00dfen\u00a0\u00a0<\/li>\n\n\\n\n\n<li><em>Dessert - <\/em>\u00dcberraschungsdessert<\/li>\n\n\\n<\/ul>\n\n\\n\n\n<p><em>Zum guten Ende ...<\/em>\u00a0Espresso<\/p>\n\n\",\"meta\":\"4-Gang-Men\u00fc\u00a0f\u00fcr 2 Personen - 110 \u20ac\",\"title\":\"Men\u00fc Bl\u00fctenzauber\"}},{\"type\":\"description_list_item\",\"props\":{\"content\":\"\n\n<ul>\\n\n\n<li><em>Aperitif<\/em> \u2013 Campari Orange<\/li>\n\n\\n\n\n<li><em>Amuse-Bouche<\/em> \u2013 Knoblauchbutter mit Brotherzen\u00a0<\/li>\n\n\\n\n\n<li><em>Vorspeise<\/em> \u2013 Gefl\u00fcgelsalat auf dem Paradiesapfel\u00a0<\/li>\n\n\\n\n\n<li><em>Suppe<\/em> \u2013 Hochzeitss\u00fcppchen<\/li>\n\n\\n\n\n<li><em>Hauptgang<\/em> \u2013 Steakvariation mit Buttergem\u00fcse und dazu Babsh\u00fcllerle\u00a0\u00a0<\/li>\n\n\\n\n\n<li><em>Dessert<\/em> \u2013 Liebeseisbecher<\/li>\n\n\\n<\/ul>\n\n\\n\n\n<p><em>Zum guten Ende<\/em> \u2026 \u201eKaffee f\u00fcr Zwei\u201c\u00a0<\/p>\n\n\",\"meta\":\"4-Gang-Men\u00fc f\u00fcr 2 Personen - 95 \u20ac\",\"title\":\"Romantischer Abend 1\"}},{\"type\":\"description_list_item\",\"props\":{\"content\":\"\n\n<ul>\\n\n\n<li><em>Aperitif<\/em> - Campari Orange\u00a0<\/li>\n\n\\n\n\n<li><em>Amuse-Bouche<\/em> - Knoblauchbutter mit Brottherzen\u00a0<\/li>\n\n\\n\n\n<li><em>Vorspeise<\/em> - Gefl\u00fcgelsalat auf dem Paradiesapfel\u00a0\u00a0<\/li>\n\n\\n\n\n<li><em>Suppe<\/em> - Hochzeitss\u00fcppchen\u00a0<\/li>\n\n\\n\n\n<li><em>Zwischengang<\/em> - Fischarrangement an Rahmso\u00dfe mit Safran-Reis<\/li>\n\n\\n<\/ul>\n\n\\n\n\n<p><em>Wei\u00dfwein<\/em>: Saale\/Unstrut, Muller-Thurgau trocken\u00a0\u00a0<\/p>\n\n\\n\n\n<ul>\\n\n\n<li><em>Hauptgang<\/em> - Steakvariation mit Buttergem\u00fcse und dazu Babsh\u00fcllerle\u00a0<\/li>\n\n\\n<\/ul>\n\n\\n\n\n<p><em>Rotwein<\/em>: Nahe \/M\u00fcnst. K\u00f6nigsschlo\u00df Dornfelder trocken\u00a0<\/p>\n\n\\n\n\n<ul>\\n\n\n<li><em>Dessert<\/em> - Liebeseisbecher\u00a0<\/li>\n\n\\n<\/ul>\n\n\\n\n\n<p><em>Zum guten Ende<\/em> ... \u201eKaffee f\u00fcr Zwei\u201c<\/p>\n\n\",\"meta\":\"5-Gang-Men\u00fc, zu jedem Hauptgang ein Glas Wein f\u00fcr 2 Personen - 120 \u20ac\",\"title\":\"Romantischer Abend 2 \"}},{\"type\":\"description_list_item\",\"props\":{\"content\":\"\n\n<ul>\\n\n\n<li>\u00a0<em>Aperitif<\/em> \u2013 Campari Orange<\/li>\n\n\\n\n\n<li><em>Amuse-Bouche<\/em> \u2013 Knoblauchbutter mit Brotherzen<\/li>\n\n\\n\n\n<li><em>Vorspeise<\/em> \u2013 Fr\u00fcchtecocktail<\/li>\n\n\\n\n\n<li><em>Suppe<\/em> \u2013 Cremige Pilzsuppe<\/li>\n\n\\n\n\n<li><em>Hauptgang<\/em> \u2013 Risotto der Saison<\/li>\n\n\\n\n\n<li><em>Dessert<\/em> \u2013 Liebeseisbecher<\/li>\n\n\\n<\/ul>\n\n\\n\n\n<p><em>Zum guten Ende<\/em> \u2026 <span>\u201e<\/span>Kaffee f\u00fcr Zwei<span>\u201c<\/span><\/p>\n\n\",\"meta\":\"4-Gang-Men\u00fc f\u00fcr 2 Personen - 95 \u20ac\",\"title\":\"Romantischer Abend vegetarisch 1\"}},{\"type\":\"description_list_item\",\"props\":{\"content\":\"\n\n<ul>\\n\n\n<li><em>Aperitif<\/em> \u2013 Campari Orange aus der Frucht<\/li>\n\n\\n\n\n<li><em>Amuse-Bouche<\/em> \u2013 Knoblauchbutter mit Brotherzen<\/li>\n\n\\n\n\n<li><em>Vorspeise<\/em> \u2013 Fr\u00fcchtecocktail<\/li>\n\n\\n\n\n<li><em>Suppe<\/em> \u2013 Cremige Pilzsuppe<\/li>\n\n\\n\n\n<li><em>Zwischengang<\/em> \u2013 Gem\u00fcsespie\u00df<\/li>\n\n\\n<\/ul>\n\n\\n\n\n<p><em>Wei\u00dfwein<\/em>: Saale\/Unstrut, M\u00fcller-Thurgau trocken<\/p>\n\n\\n\n\n<ul>\\n\n\n<li><em>Hauptgang<\/em> \u2013 Risotto der Region<\/li>\n\n\\n<\/ul>\n\n\\n\n\n<p style=\\\"text-align: left;\\\"><em>Rotwein<\/em>: Nahe \/M\u00fcnst. K\u00f6nigsschlo\u00df Dornfelder trocken<\/p>\n\n\\n\n\n<ul>\\n\n\n<li><em>Dessert<\/em> \u2013 Liebeseisbecher<\/li>\n\n\\n<\/ul>\n\n\\n\n\n<p><em>Zum guten Ende<\/em> \u2026 \u201eKaffee f\u00fcr Zwei\u201c<\/p>\n\n\",\"meta\":\"5-Gang-Men\u00fc, zu jedem Hauptgang ein Glas Wein f\u00fcr 2 Personen - 120\u20ac \",\"title\":\"Romantischer Abend vegetarisch 2 \"}},{\"type\":\"description_list_item\",\"props\":{\"content\":\"\n\n<ul>\\n\n\n<li><em>Aperitif<\/em> \u2013 Campari Orange<\/li>\n\n\\n\n\n<li><em>Amuse-Bouche<\/em> \u2013 Pestoherzen<\/li>\n\n\\n\n\n<li><em>Vorspeise<\/em> \u2013 Tabouleh-Salat<\/li>\n\n\\n\n\n<li><em>Suppe<\/em> \u2013 Cremige Pilzsuppe<\/li>\n\n\\n\n\n<li><em>Hauptgang<\/em> \u2013 Fettuccine im Gem\u00fcsebett<\/li>\n\n\\n\n\n<li><em>Dessert<\/em> \u2013 Obst an Weinbrand<\/li>\n\n\\n<\/ul>\n\n\\n\n\n<p><em>Zum guten Ende<\/em> \u2026 \u201eKaffee f\u00fcr Zwei\u201c<\/p>\n\n\",\"meta\":\"4-Gang-Men\u00fc f\u00fcr 2 Personen - 95\u20ac\",\"title\":\"Romantischer Abend vegan\"}}],\"props\":{\"block_align\":\"center\",\"column_breakpoint\":\"m\",\"layout\":\"grid-2\",\"list_element\":\"ul\",\"list_size\":\"large\",\"list_style\":\"divider\",\"margin_bottom\":\"default\",\"margin_top\":\"default\",\"meta_align\":\"below-title\",\"meta_style\":\"text-meta\",\"show_content\":true,\"show_link\":true,\"show_meta\":true,\"show_title\":true,\"title_colon\":false,\"title_element\":\"h3\",\"title_grid_breakpoint\":\"m\",\"title_grid_column_gap\":\"large\",\"title_grid_row_gap\":\"large\",\"title_grid_width\":\"medium\",\"title_style\":\"h4\"}}]}]}]}],\"version\":\"5.0.19\"} --><\/p>\n","protected":false},"excerpt":{"rendered":"<p>Wir haben verschiedene Arrangements f\u00fcr Sie zusammengestellt \u2013 erleben Sie genussvolle Momente! Men\u00fc Bl\u00fctenzauber 4-Gang-Men\u00fc\u00a0f\u00fcr 2 Personen &#8211; 110 \u20ac Aperitif &#8211; Rosenbowle\u00a0 Amuse-Bouche &#8211; Kleine Butterrose mit Brot\u00a0 Vorspeise &#8211; Lachsrose mit R\u00f6sti\u00a0 Suppe &#8211; Kr\u00e4utersuppe Hauptgang &#8211; Wildsteak mit Waldpilzen, Blumenkohl und Th\u00fcringer Kl\u00f6\u00dfen\u00a0\u00a0 Dessert &#8211; \u00dcberraschungsdessert Zum guten Ende &#8230;\u00a0Espresso Romantischer Abend [&hellip;]<\/p>\n","protected":false},"author":1,"featured_media":0,"parent":0,"menu_order":0,"comment_status":"closed","ping_status":"closed","template":"","meta":{"footnotes":""},"class_list":["post-1053","page","type-page","status-publish","hentry"],"_links":{"self":[{"href":"https:\/\/www.hotelgastinger.de\/en\/wp-json\/wp\/v2\/pages\/1053","targetHints":{"allow":["GET"]}}],"collection":[{"href":"https:\/\/www.hotelgastinger.de\/en\/wp-json\/wp\/v2\/pages"}],"about":[{"href":"https:\/\/www.hotelgastinger.de\/en\/wp-json\/wp\/v2\/types\/page"}],"author":[{"embeddable":true,"href":"https:\/\/www.hotelgastinger.de\/en\/wp-json\/wp\/v2\/users\/1"}],"replies":[{"embeddable":true,"href":"https:\/\/www.hotelgastinger.de\/en\/wp-json\/wp\/v2\/comments?post=1053"}],"version-history":[{"count":25,"href":"https:\/\/www.hotelgastinger.de\/en\/wp-json\/wp\/v2\/pages\/1053\/revisions"}],"predecessor-version":[{"id":1544,"href":"https:\/\/www.hotelgastinger.de\/en\/wp-json\/wp\/v2\/pages\/1053\/revisions\/1544"}],"wp:attachment":[{"href":"https:\/\/www.hotelgastinger.de\/en\/wp-json\/wp\/v2\/media?parent=1053"}],"curies":[{"name":"wp","href":"https:\/\/api.w.org\/{rel}","templated":true}]}}