{"id":893,"date":"2026-01-28T22:03:44","date_gmt":"2026-01-28T21:03:44","guid":{"rendered":"https:\/\/www.hotelgastinger.de\/?page_id=893"},"modified":"2026-03-10T09:19:07","modified_gmt":"2026-03-10T08:19:07","slug":"keramikatelier","status":"publish","type":"page","link":"https:\/\/www.hotelgastinger.de\/en\/keramikatelier\/","title":{"rendered":"Keramikatelier"},"content":{"rendered":"<ul>\n<li>\n<p>        <img decoding=\"async\" src=\"\/wp-content\/uploads\/2026\/01\/Keramikatelier_Header_Bild1.jpg\" alt=\"\"><\/p>\n<\/li>\n<li>\n<p>        <img decoding=\"async\" src=\"\/wp-content\/uploads\/2026\/01\/Keramikatelier_Header_Bild2.jpg\" alt=\"\"><\/p>\n<\/li>\n<li>\n<p>        <img decoding=\"async\" src=\"\/wp-content\/uploads\/2026\/01\/Keramikatelier_Header_Bild3-scaled.jpg\" alt=\"\"><\/p>\n<\/li>\n<\/ul>\n<p><img decoding=\"async\" src=\"\/wp-content\/uploads\/2026\/02\/Vase_Blumen_fg-scaled.png\" alt=\"\"><\/p>\n<h1>\n<h1 data-id=\"page#1-0-1-0\" data-element=\"\">Keramikatelier<\/h1>\n<\/h1>\n<div>\n<div class=\"uk-first-column\">\n<div class=\"el-item uk-panel uk-margin-remove-first-child\" data-id=\"page#1-0-0-1-0\">\n<div class=\"el-content uk-panel uk-margin-top\">\n<p>In unserem hauseigenen Keramikatelier wird Kunsthandwerk gelebt. Line und Tina Gastinger entwerfen Einzelst\u00fccke und formen diese per Hand auf der Drehscheibe. Die rot-braunen Keramiken mit leicht transparenter, wei\u00dfer Glasur bilden unseren unverwechselbaren Stil. Dieser Keramikstil ist bei uns \u00fcberall zu finden. Die Speisen unseres Hauses werden im Restaurant auf dem liebevoll gestalteten Geschirr serviert. Auch in den Hotelzimmern und auf dem Gel\u00e4nde sind die zarten, eleganten Keramiken zu entdecken. Sie sind ein fundamentaler Bestandteil unserer Identit\u00e4t und unseres kreativen Anspruchs.<\/p>\n<\/div>\n<\/div>\n<\/div>\n<\/div>\n<p><video src=\"\/wp-content\/uploads\/2026\/01\/Sequenz-01.mp4\" poster=\"\"><\/video><\/p>\n<div>\n<p>Der Apfel f\u00e4llt nicht weit vom Birnenbaum: Tina hat das Keramikatelier aufgebaut, Line entwickelt es weiter. 2025 absolvierte sie ihre Abschlusspr\u00fcfung mit ihrem Gesellenst\u00fcck \u201eMut zur L\u00fccke\u201c \u2013 als landesweit erste Gesellin ihres Handwerks seit f\u00fcnf Jahren! Unsere G\u00e4ste k\u00f6nnen die f\u00fcr den Verkauf vorgesehenen Keramikarbeiten jederzeit erwerben. In den beiden Glasvitrinen im Eingangsbereich unseres Restaurants ist das derzeitige Angebot ausgestellt. Au\u00dferdem fertigen wir gerne Keramiken nach Ihren <a href=\"https:\/\/www.hotelgastinger.de\/anfertigungen\/\">W\u00fcnschen und Vorstellungen.<\/a><\/p>\n<\/div>\n<div>\n<h3>&#8220;Mut Zur L\u00fccke&#8221;<\/h3>\n<p><a href=\"\/wp-content\/uploads\/2026\/02\/GSMappeMutzurLuecke.pdf\"><\/a><\/p>\n<\/div>\n<p><!--more--><br \/>\n<!-- {\"type\":\"layout\",\"children\":[{\"type\":\"section\",\"props\":{\"header_transparent\":true,\"header_transparent_noplaceholder\":true,\"header_transparent_text_color\":\"light\",\"image_height\":1200,\"image_position\":\"center-center\",\"image_width\":1200,\"overlap\":false,\"padding_bottom\":\"none\",\"padding_remove_horizontal\":false,\"padding_top\":\"none\",\"preserve_color\":false,\"style\":\"default\",\"title_breakpoint\":\"xl\",\"title_position\":\"top-left\",\"title_rotation\":\"left\",\"vertical_align\":\"middle\",\"width\":\"\"},\"children\":[{\"type\":\"row\",\"children\":[{\"type\":\"column\",\"props\":{\"image_position\":\"center-center\",\"position_sticky_breakpoint\":\"m\"},\"children\":[{\"type\":\"slideshow\",\"props\":{\"height_expand\":false,\"height_viewport_offset\":false,\"link_style\":\"default\",\"link_text\":\"Read more\",\"margin_bottom\":\"default\",\"margin_top\":\"default\",\"meta_align\":\"below-title\",\"meta_element\":\"div\",\"meta_style\":\"text-meta\",\"nav\":\"dotnav\",\"nav_align\":\"center\",\"nav_breakpoint\":\"s\",\"nav_position\":\"bottom-center\",\"nav_position_margin\":\"small\",\"overlay_animation\":\"parallax\",\"overlay_container\":\"default\",\"overlay_link\":false,\"overlay_position\":\"center\",\"show_content\":true,\"show_link\":true,\"show_meta\":true,\"show_thumbnail\":true,\"show_title\":true,\"slidenav\":\"\",\"slidenav_breakpoint\":\"s\",\"slidenav_margin\":\"medium\",\"slidenav_outside_breakpoint\":\"xl\",\"slideshow_autoplay\":true,\"slideshow_autoplay_pause\":false,\"slideshow_min_height\":300,\"slideshow_ratio\":\"16:10\",\"thumbnav_height\":\"75\",\"thumbnav_svg_color\":\"emphasis\",\"thumbnav_width\":\"100\",\"title_element\":\"h3\",\"title_hover_style\":\"reset\"},\"children\":[{\"type\":\"slideshow_item\",\"props\":{\"image\":\"wp-content\/uploads\/2026\/01\/Keramikatelier_Header_Bild1.jpg\",\"thumbnail\":\"\"}},{\"type\":\"slideshow_item\",\"props\":{\"image\":\"wp-content\/uploads\/2026\/01\/Keramikatelier_Header_Bild2.jpg\",\"title\":\"\"}},{\"type\":\"slideshow_item\",\"props\":{\"image\":\"wp-content\/uploads\/2026\/01\/Keramikatelier_Header_Bild3-scaled.jpg\"}}]},{\"type\":\"image\",\"props\":{\"animation\":\"parallax\",\"blend\":false,\"height_expand\":false,\"height_viewport\":false,\"height_viewport_offset\":false,\"image\":\"\",\"image_loading\":false,\"image_svg_color\":\"warning\",\"image_svg_inline\":true,\"image_width\":500,\"margin_bottom\":\"\",\"margin_top\":\"\",\"parallax_blur\":\"29\",\"parallax_y\":\"-420\",\"position\":\"absolute\",\"position_left\":\"0\",\"position_top\":\"580\",\"position_z_index\":\"0\",\"text_align\":\"center\"}}]}],\"props\":{\"alignment\":\"center\",\"column_gap\":\"collapse\",\"height\":\"pixels\",\"margin_bottom\":\"remove\",\"margin_top\":\"remove\",\"row_gap\":\"collapse\"}},{\"type\":\"row\",\"props\":{\"alignment\":\"left\",\"height\":\"pixels\",\"layout\":\"1-4,1-2,1-4\",\"margin_bottom\":\"xlarge\",\"margin_top\":\"default\",\"parallax\":false,\"width\":\"xlarge\"},\"children\":[{\"type\":\"column\",\"props\":{\"image_position\":\"center-center\",\"position_sticky_breakpoint\":\"m\",\"width_medium\":\"1-4\"},\"children\":[{\"type\":\"image\",\"props\":{\"image\":\"wp-content\/uploads\/2026\/02\/Vase_Blumen_fg-scaled.png\",\"image_svg_color\":\"emphasis\",\"image_width\":150,\"margin_bottom\":\"default\",\"margin_top\":\"default\",\"position\":\"relative\",\"position_right\":\"-150\",\"position_top\":\"420\",\"position_z_index\":\"2\",\"visibility\":\"m\"}}]},{\"type\":\"column\",\"props\":{\"image_position\":\"center-center\",\"position_sticky_breakpoint\":\"m\",\"width_medium\":\"1-2\"},\"children\":[{\"type\":\"headline\",\"props\":{\"content\":\"\n\n<h1 data-id=\\\"page#1-0-1-0\\\" data-element=\\\"\\\">Keramikatelier<\/h1>\n\n\",\"image_align\":\"left\",\"image_margin\":\"xsmall\",\"title_element\":\"h1\"}},{\"type\":\"fragment\",\"props\":{\"margin_bottom\":\"default\",\"margin_top\":\"default\"},\"children\":[{\"type\":\"row\",\"props\":{\"layout\":\"2-3,1-3\"},\"children\":[{\"type\":\"column\",\"props\":{\"image_position\":\"center-center\",\"position_sticky_breakpoint\":\"m\",\"width_medium\":\"2-3\"},\"children\":[{\"type\":\"text\",\"props\":{\"column_breakpoint\":\"m\",\"content\":\"\n\n<div class=\\\"uk-first-column\\\">\\n\n\n<div class=\\\"el-item uk-panel uk-margin-remove-first-child\\\" data-id=\\\"page#1-0-0-1-0\\\">\\n\n\n<div class=\\\"el-content uk-panel uk-margin-top\\\">\\n\n\n<p>In unserem hauseigenen Keramikatelier wird Kunsthandwerk gelebt. Line und Tina Gastinger entwerfen Einzelst\u00fccke und formen diese per Hand auf der Drehscheibe. Die rot-braunen Keramiken mit leicht transparenter, wei\u00dfer Glasur bilden unseren unverwechselbaren Stil. Dieser Keramikstil ist bei uns \u00fcberall zu finden. Die Speisen unseres Hauses werden im Restaurant auf dem liebevoll gestalteten Geschirr serviert. Auch in den Hotelzimmern und auf dem Gel\u00e4nde sind die zarten, eleganten Keramiken zu entdecken. Sie sind ein fundamentaler Bestandteil unserer Identit\u00e4t und unseres kreativen Anspruchs.<\/p>\n\n\\n<\/div>\n\n\\n<\/div>\n\n\\n<\/div>\n\n\",\"margin_bottom\":\"default\",\"margin_top\":\"default\"}}]},{\"type\":\"column\",\"props\":{\"image_position\":\"center-center\",\"position_sticky_breakpoint\":\"m\",\"width_medium\":\"1-3\"},\"children\":[{\"type\":\"video\",\"props\":{\"margin_bottom\":\"default\",\"margin_top\":\"default\",\"video\":\"wp-content\/uploads\/2026\/01\/Sequenz-01.mp4\",\"video_controls\":true,\"video_loading\":\"lazy\"}}]}]}]},{\"type\":\"text\",\"props\":{\"column_breakpoint\":\"m\",\"content\":\"\n\n<p>Der Apfel f\u00e4llt nicht weit vom Birnenbaum: Tina hat das Keramikatelier aufgebaut, Line entwickelt es weiter. 2025 absolvierte sie ihre Abschlusspr\u00fcfung mit ihrem Gesellenst\u00fcck \u201eMut zur L\u00fccke\u201c \u2013 als landesweit erste Gesellin ihres Handwerks seit f\u00fcnf Jahren! Unsere G\u00e4ste k\u00f6nnen die f\u00fcr den Verkauf vorgesehenen Keramikarbeiten jederzeit erwerben. In den beiden Glasvitrinen im Eingangsbereich unseres Restaurants ist das derzeitige Angebot ausgestellt. Au\u00dferdem fertigen wir gerne Keramiken nach Ihren <a href=\\\"https:\/\/www.hotelgastinger.de\/anfertigungen\/\\\">W\u00fcnschen und Vorstellungen.<\/a><\/p>\n\n\",\"margin_bottom\":\"default\",\"margin_top\":\"default\"}}]},{\"type\":\"column\",\"props\":{\"image_position\":\"center-center\",\"position_sticky_breakpoint\":\"m\",\"width_medium\":\"1-4\"},\"children\":[{\"type\":\"image\",\"props\":{\"image\":\"\",\"image_svg_color\":\"emphasis\",\"margin_bottom\":\"default\",\"margin_top\":\"default\"}}]}]}],\"name\":\"SLIDE\"},{\"type\":\"section\",\"props\":{\"image_position\":\"center-center\",\"style\":\"default\",\"title_breakpoint\":\"xl\",\"title_position\":\"top-left\",\"title_rotation\":\"left\",\"vertical_align\":\"middle\",\"width\":\"default\"},\"children\":[{\"type\":\"row\",\"children\":[{\"type\":\"column\",\"props\":{\"image_position\":\"center-center\",\"position_sticky_breakpoint\":\"m\"},\"children\":[{\"type\":\"djflipbook\",\"props\":{\"content_column_breakpoint\":\"m\",\"grid_column_align\":true,\"grid_column_gap\":\"collapse\",\"grid_default\":\"1\",\"grid_large\":\"auto\",\"grid_masonry\":true,\"grid_medium\":\"3\",\"grid_parallax\":\"0\",\"grid_row_gap\":\"collapse\",\"grid_xlarge\":\"auto\",\"icon_width\":80,\"image_align\":\"top\",\"image_grid_breakpoint\":\"m\",\"image_grid_width\":\"1-2\",\"image_svg_color\":\"emphasis\",\"item_animation\":\"\",\"item_maxwidth\":\"2xlarge\",\"margin\":\"default\",\"meta_align\":\"below-title\",\"meta_element\":\"div\",\"meta_style\":\"meta\",\"show_content\":true,\"show_image\":true,\"show_link\":true,\"show_meta\":true,\"show_title\":true,\"title_align\":\"top\",\"title_element\":\"h3\",\"title_grid_breakpoint\":\"m\",\"title_grid_width\":\"1-2\",\"title_hover_style\":\"reset\"},\"children\":[{\"type\":\"flipbook_item\",\"props\":{\"link\":\"wp-content\/uploads\/2026\/02\/GSMappeMutzurLuecke.pdf\",\"title\":\"\\\"Mut Zur L\u00fccke\\\"\"}}]}]}]}]}],\"version\":\"5.0.19\"} --><\/p>\n","protected":false},"excerpt":{"rendered":"<p>Keramikatelier In unserem hauseigenen Keramikatelier wird Kunsthandwerk gelebt. Line und Tina Gastinger entwerfen Einzelst\u00fccke und formen diese per Hand auf der Drehscheibe. Die rot-braunen Keramiken mit leicht transparenter, wei\u00dfer Glasur bilden unseren unverwechselbaren Stil. Dieser Keramikstil ist bei uns \u00fcberall zu finden. Die Speisen unseres Hauses werden im Restaurant auf dem liebevoll gestalteten Geschirr serviert. [&hellip;]<\/p>\n","protected":false},"author":1,"featured_media":0,"parent":0,"menu_order":0,"comment_status":"closed","ping_status":"closed","template":"","meta":{"footnotes":""},"class_list":["post-893","page","type-page","status-publish","hentry"],"_links":{"self":[{"href":"https:\/\/www.hotelgastinger.de\/en\/wp-json\/wp\/v2\/pages\/893","targetHints":{"allow":["GET"]}}],"collection":[{"href":"https:\/\/www.hotelgastinger.de\/en\/wp-json\/wp\/v2\/pages"}],"about":[{"href":"https:\/\/www.hotelgastinger.de\/en\/wp-json\/wp\/v2\/types\/page"}],"author":[{"embeddable":true,"href":"https:\/\/www.hotelgastinger.de\/en\/wp-json\/wp\/v2\/users\/1"}],"replies":[{"embeddable":true,"href":"https:\/\/www.hotelgastinger.de\/en\/wp-json\/wp\/v2\/comments?post=893"}],"version-history":[{"count":66,"href":"https:\/\/www.hotelgastinger.de\/en\/wp-json\/wp\/v2\/pages\/893\/revisions"}],"predecessor-version":[{"id":1577,"href":"https:\/\/www.hotelgastinger.de\/en\/wp-json\/wp\/v2\/pages\/893\/revisions\/1577"}],"wp:attachment":[{"href":"https:\/\/www.hotelgastinger.de\/en\/wp-json\/wp\/v2\/media?parent=893"}],"curies":[{"name":"wp","href":"https:\/\/api.w.org\/{rel}","templated":true}]}}