{"id":901,"date":"2026-01-28T22:11:18","date_gmt":"2026-01-28T21:11:18","guid":{"rendered":"https:\/\/www.hotelgastinger.de\/?page_id=901"},"modified":"2026-03-10T09:17:36","modified_gmt":"2026-03-10T08:17:36","slug":"aktivregion-rennsteig","status":"publish","type":"page","link":"https:\/\/www.hotelgastinger.de\/en\/aktivregion-rennsteig\/","title":{"rendered":"Aktivregion Rennsteig"},"content":{"rendered":"<ul>\n<li>\n<p>        <img decoding=\"async\" src=\"\/wp-content\/uploads\/2026\/01\/Aktivregion-Rennsteig-Header-1-scaled.jpg\" alt=\"\"><\/p>\n<\/li>\n<li>\n<p>        <img decoding=\"async\" src=\"\/wp-content\/uploads\/2026\/01\/Aktivregion-Rennsteig-Header-2-scaled.jpg\" alt=\"\"><\/p>\n<\/li>\n<li>\n<p>        <img decoding=\"async\" src=\"\/wp-content\/uploads\/2026\/01\/Aktivregion-Rennsteig-Winter-3.jpg\" alt=\"\"><\/p>\n<\/li>\n<\/ul>\n<p><img decoding=\"async\" src=\"\/wp-content\/uploads\/2026\/01\/Schriftzug-Geniesse-den-Tagx.svg\" alt=\"\"><br \/>\n<img decoding=\"async\" src=\"\/wp-content\/uploads\/2026\/03\/Design-ohne-Titel-5.png\" alt=\"\"><\/p>\n<h1>Aktivregion Rennsteig<\/h1>\n<div>\n<p>Der Rennsteig ist Deutschlands bekanntester H\u00f6henwanderweg und wurde vom Deutschen Wanderverband als Qualit\u00e4tswanderweg ausgezeichnet.<br \/>Er beginnt in H\u00f6rschel an der Werra (196 m \u00fc. NHN) und f\u00fchrt als Kammweg des Th\u00fcringer Waldes \u00fcber knapp 170 km in H\u00f6hen von 500 &#8211; 970 m bis nach Blankenstein an der Saale (414 m \u00fc. NHN).<br \/>L\u00e4uft man den gesamten Rennsteig ab, so ist eine sch\u00f6ne Tradition, aus dem Flussbett der Werra einen Kieselstein mitzunehmen und diesen am Abschluss der Wanderung in die Saale zu werfen.<br \/>Der Rennsteig ist durch das typische &#8220;R&#8221; sehr gut ausgeschildert. Parallel wurde der Rennsteig-Radwanderweg angelegt, der durch ein &#8220;R&#8221; mit Fahrrad gekennzeichnet ist. In einigen Bereichen sind f\u00fcr bessere Aussichtspunkte und der Vermeidung stra\u00dfennaher Abschnitte Alternativrouten eingerichtet.<\/p>\n<\/div>\n<div>\n<p>    <script type=\"text\/javascript\" src=\"https:\/\/www.outdooractive.com\/de\/embed\/38157754\/js?mw=true&#038;usr=cdtfh&#038;key=USR-KGVQF1U3-EMWGKPTX-4OSSPRYH&#038;s=m\"><\/script>\n<\/div>\n<hr>\n<div>\n<h3>GuthsMuths-Rennsteiglauf<\/h3>\n<div>\n<p><span>Der wohl trubeligste und sportlich spannendste Tag bei uns in Schmiedefeld am Rennsteig, ist der Tag des GuthsMuths-Rennsteiglaufs. Der Rennsteiglauf ist der <\/span><span>kultigste und gr\u00f6\u00dfte Crosslaufs Europas! Jedes Jahr zieht er mit magischer Kraft \u00fcber zehntausend Laufbegeisterte aus Deutschland und aller Welt an. Das <\/span><span>Abenteuer von vier Jenaer Studenten entwickelte sich in mehr als 40 Jahren zu einer der gr\u00f6\u00dften deutschen Laufveranstaltungen. Und wir als Schmittfeller wissen <\/span><span>nat\u00fcrlich: das sch\u00f6nste Ziel der Welt ist Schmiedefeld!<\/span><\/p>\n<\/div>\n<\/div>\n<p><!--more--><br \/>\n<!-- {\"type\":\"layout\",\"children\":[{\"type\":\"section\",\"props\":{\"header_transparent\":true,\"header_transparent_noplaceholder\":true,\"header_transparent_text_color\":\"light\",\"image_height\":1200,\"image_position\":\"center-center\",\"image_width\":1200,\"overlap\":false,\"padding_bottom\":\"none\",\"padding_remove_horizontal\":false,\"padding_top\":\"none\",\"preserve_color\":false,\"style\":\"default\",\"title_breakpoint\":\"xl\",\"title_position\":\"top-left\",\"title_rotation\":\"left\",\"vertical_align\":\"middle\",\"width\":\"\"},\"children\":[{\"type\":\"row\",\"children\":[{\"type\":\"column\",\"props\":{\"image_position\":\"center-center\",\"position_sticky_breakpoint\":\"m\"},\"children\":[{\"type\":\"slideshow\",\"props\":{\"height_expand\":false,\"height_viewport_offset\":false,\"link_style\":\"default\",\"link_text\":\"Read more\",\"margin_bottom\":\"default\",\"margin_top\":\"default\",\"meta_align\":\"below-title\",\"meta_element\":\"div\",\"meta_style\":\"text-meta\",\"nav\":\"dotnav\",\"nav_align\":\"center\",\"nav_breakpoint\":\"s\",\"nav_position\":\"bottom-center\",\"nav_position_margin\":\"small\",\"overlay_animation\":\"parallax\",\"overlay_container\":\"default\",\"overlay_link\":false,\"overlay_position\":\"center\",\"show_content\":true,\"show_link\":true,\"show_meta\":true,\"show_thumbnail\":true,\"show_title\":true,\"slidenav\":\"\",\"slidenav_breakpoint\":\"s\",\"slidenav_margin\":\"medium\",\"slidenav_outside_breakpoint\":\"xl\",\"slideshow_autoplay\":true,\"slideshow_autoplay_pause\":false,\"slideshow_min_height\":300,\"slideshow_ratio\":\"16:10\",\"thumbnav_height\":\"75\",\"thumbnav_svg_color\":\"emphasis\",\"thumbnav_width\":\"100\",\"title_element\":\"h3\",\"title_hover_style\":\"reset\"},\"children\":[{\"type\":\"slideshow_item\",\"props\":{\"image\":\"wp-content\/uploads\/2026\/01\/Aktivregion-Rennsteig-Header-1-scaled.jpg\",\"thumbnail\":\"\"}},{\"type\":\"slideshow_item\",\"props\":{\"image\":\"wp-content\/uploads\/2026\/01\/Aktivregion-Rennsteig-Header-2-scaled.jpg\"}},{\"type\":\"slideshow_item\",\"props\":{\"image\":\"wp-content\/uploads\/2026\/01\/Aktivregion-Rennsteig-Winter-3.jpg\"}}]},{\"type\":\"image\",\"props\":{\"animation\":\"parallax\",\"blend\":false,\"image\":\"wp-content\/uploads\/2026\/01\/Schriftzug-Geniesse-den-Tagx.svg\",\"image_focal_point\":\"center-right\",\"image_svg_color\":\"warning\",\"image_svg_inline\":true,\"image_width\":500,\"margin_bottom\":\"default\",\"margin_top\":\"default\",\"parallax_blur\":\"29\",\"parallax_y\":\"-420\",\"position\":\"absolute\",\"position_left\":\"0\",\"position_top\":\"1000\",\"position_z_index\":\"0\",\"text_align\":\"center\"}}]}],\"props\":{\"alignment\":\"center\",\"column_gap\":\"collapse\",\"height\":\"pixels\",\"margin_bottom\":\"remove\",\"margin_top\":\"remove\",\"row_gap\":\"collapse\"}}],\"name\":\"SLIDE\"},{\"type\":\"section\",\"props\":{\"image_position\":\"center-center\",\"style\":\"default\",\"title_breakpoint\":\"xl\",\"title_position\":\"top-left\",\"title_rotation\":\"left\",\"vertical_align\":\"middle\",\"width\":\"default\"},\"children\":[{\"type\":\"row\",\"props\":{\"layout\":\"1-4,1-2,1-4\"},\"children\":[{\"type\":\"column\",\"props\":{\"image_position\":\"center-center\",\"position_sticky_breakpoint\":\"m\",\"width_medium\":\"1-4\"},\"children\":[{\"type\":\"image\",\"props\":{\"image\":\"wp-content\/uploads\/2026\/03\/Design-ohne-Titel-5.png\",\"image_svg_color\":\"emphasis\",\"margin_bottom\":\"default\",\"margin_top\":\"default\",\"visibility\":\"m\"}}]},{\"type\":\"column\",\"props\":{\"image_position\":\"center-center\",\"position_sticky_breakpoint\":\"m\",\"width_medium\":\"1-2\"},\"children\":[{\"type\":\"headline\",\"props\":{\"content\":\"Aktivregion Rennsteig\",\"image_align\":\"left\",\"image_margin\":\"xsmall\",\"title_element\":\"h1\"}},{\"type\":\"text\",\"props\":{\"column_breakpoint\":\"m\",\"content\":\"\n\n<p>Der Rennsteig ist Deutschlands bekanntester H\u00f6henwanderweg und wurde vom Deutschen Wanderverband als Qualit\u00e4tswanderweg ausgezeichnet.<br \/>Er beginnt in H\u00f6rschel an der Werra (196 m \u00fc. NHN) und f\u00fchrt als Kammweg des Th\u00fcringer Waldes \u00fcber knapp 170 km in H\u00f6hen von 500 - 970 m bis nach Blankenstein an der Saale (414 m \u00fc. NHN).<br \/>L\u00e4uft man den gesamten Rennsteig ab, so ist eine sch\u00f6ne Tradition, aus dem Flussbett der Werra einen Kieselstein mitzunehmen und diesen am Abschluss der Wanderung in die Saale zu werfen.<br \/>Der Rennsteig ist durch das typische \\\"R\\\" sehr gut ausgeschildert. Parallel wurde der Rennsteig-Radwanderweg angelegt, der durch ein \\\"R\\\" mit Fahrrad gekennzeichnet ist. In einigen Bereichen sind f\u00fcr bessere Aussichtspunkte und der Vermeidung stra\u00dfennaher Abschnitte Alternativrouten eingerichtet.<\/p>\n\n\",\"margin_bottom\":\"default\",\"margin_top\":\"default\"}},{\"type\":\"html\",\"props\":{\"content\":\"<script type=\\\"text\/javascript\\\" src=\\\"https:\/\/www.outdooractive.com\/de\/embed\/38157754\/js?mw=true&usr=cdtfh&key=USR-KGVQF1U3-EMWGKPTX-4OSSPRYH&s=m\\\"><\/script>\"}}]},{\"type\":\"column\",\"props\":{\"image_position\":\"center-center\",\"position_sticky_breakpoint\":\"m\",\"width_medium\":\"1-4\"}}]},{\"type\":\"row\",\"props\":{\"layout\":\"1-4,1-2,1-4\"},\"children\":[{\"type\":\"column\",\"props\":{\"image_position\":\"center-center\",\"position_sticky_breakpoint\":\"m\",\"width_medium\":\"1-4\"}},{\"type\":\"column\",\"props\":{\"image_position\":\"center-center\",\"position_sticky_breakpoint\":\"m\",\"width_medium\":\"1-2\"},\"children\":[{\"type\":\"divider\",\"props\":{\"divider_element\":\"hr\"}},{\"type\":\"alert\",\"props\":{\"content\":\"\n\n<p><span>Der wohl trubeligste und sportlich spannendste Tag bei uns in Schmiedefeld am Rennsteig, ist der Tag des GuthsMuths-Rennsteiglaufs. Der Rennsteiglauf ist der <\/span><span>kultigste und gr\u00f6\u00dfte Crosslaufs Europas! Jedes Jahr zieht er mit magischer Kraft \u00fcber zehntausend Laufbegeisterte aus Deutschland und aller Welt an. Das <\/span><span>Abenteuer von vier Jenaer Studenten entwickelte sich in mehr als 40 Jahren zu einer der gr\u00f6\u00dften deutschen Laufveranstaltungen. Und wir als Schmittfeller wissen <\/span><span>nat\u00fcrlich: das sch\u00f6nste Ziel der Welt ist Schmiedefeld!<\/span><\/p>\n\n\",\"title\":\"GuthsMuths-Rennsteiglauf\",\"title_element\":\"h3\"}}]},{\"type\":\"column\",\"props\":{\"image_position\":\"center-center\",\"position_sticky_breakpoint\":\"m\",\"width_medium\":\"1-4\"}}]}]},{\"type\":\"section\",\"props\":{\"image_position\":\"center-center\",\"style\":\"default\",\"title_breakpoint\":\"xl\",\"title_position\":\"top-left\",\"title_rotation\":\"left\",\"vertical_align\":\"middle\",\"width\":\"default\"},\"children\":[{\"type\":\"row\",\"children\":[{\"type\":\"column\",\"props\":{\"image_position\":\"center-center\",\"position_sticky_breakpoint\":\"m\"}}]}]}],\"version\":\"5.0.19\"} --><\/p>\n","protected":false},"excerpt":{"rendered":"<p>Aktivregion Rennsteig Der Rennsteig ist Deutschlands bekanntester H\u00f6henwanderweg und wurde vom Deutschen Wanderverband als Qualit\u00e4tswanderweg ausgezeichnet.Er beginnt in H\u00f6rschel an der Werra (196 m \u00fc. NHN) und f\u00fchrt als Kammweg des Th\u00fcringer Waldes \u00fcber knapp 170 km in H\u00f6hen von 500 &#8211; 970 m bis nach Blankenstein an der Saale (414 m \u00fc. NHN).L\u00e4uft man [&hellip;]<\/p>\n","protected":false},"author":1,"featured_media":0,"parent":0,"menu_order":0,"comment_status":"closed","ping_status":"closed","template":"","meta":{"footnotes":""},"class_list":["post-901","page","type-page","status-publish","hentry"],"_links":{"self":[{"href":"https:\/\/www.hotelgastinger.de\/en\/wp-json\/wp\/v2\/pages\/901","targetHints":{"allow":["GET"]}}],"collection":[{"href":"https:\/\/www.hotelgastinger.de\/en\/wp-json\/wp\/v2\/pages"}],"about":[{"href":"https:\/\/www.hotelgastinger.de\/en\/wp-json\/wp\/v2\/types\/page"}],"author":[{"embeddable":true,"href":"https:\/\/www.hotelgastinger.de\/en\/wp-json\/wp\/v2\/users\/1"}],"replies":[{"embeddable":true,"href":"https:\/\/www.hotelgastinger.de\/en\/wp-json\/wp\/v2\/comments?post=901"}],"version-history":[{"count":36,"href":"https:\/\/www.hotelgastinger.de\/en\/wp-json\/wp\/v2\/pages\/901\/revisions"}],"predecessor-version":[{"id":1573,"href":"https:\/\/www.hotelgastinger.de\/en\/wp-json\/wp\/v2\/pages\/901\/revisions\/1573"}],"wp:attachment":[{"href":"https:\/\/www.hotelgastinger.de\/en\/wp-json\/wp\/v2\/media?parent=901"}],"curies":[{"name":"wp","href":"https:\/\/api.w.org\/{rel}","templated":true}]}}