{"id":903,"date":"2026-01-28T22:11:42","date_gmt":"2026-01-28T21:11:42","guid":{"rendered":"https:\/\/www.hotelgastinger.de\/?page_id=903"},"modified":"2026-03-10T09:18:28","modified_gmt":"2026-03-10T08:18:28","slug":"auftanken-in-der-natur","status":"publish","type":"page","link":"https:\/\/www.hotelgastinger.de\/en\/auftanken-in-der-natur\/","title":{"rendered":"Auftanken in der Natur"},"content":{"rendered":"<ul>\n<li>\n<p>        <img decoding=\"async\" src=\"\/wp-content\/uploads\/2026\/01\/Auftanken-in-der-Natur-Header-1-scaled.jpg\" alt=\"\"><\/p>\n<\/li>\n<li>\n<p>        <img decoding=\"async\" src=\"\/wp-content\/uploads\/2026\/01\/Auftanken-in-der-Natur-Header-2_2-scaled.jpg\" alt=\"\"><\/p>\n<\/li>\n<li>\n<p>        <img decoding=\"async\" src=\"\/wp-content\/uploads\/2026\/01\/Auftanken-in-der-Natur-Header-3-scaled.jpg\" alt=\"\"><\/p>\n<\/li>\n<\/ul>\n<p><img decoding=\"async\" src=\"\/wp-content\/uploads\/2026\/01\/Schriftzug-Geniesse-den-Tagx.svg\" alt=\"\"><\/p>\n<h1>Eine Umarmung der Natur<\/h1>\n<div>\n<p>Die klare Luft und die\u00a0vielf\u00e4ltige Natur des Th\u00fcringer Waldes sind eine Wohltat f\u00fcr K\u00f6rper und Seele.\u00a0<\/p>\n<p>Nach\u00a0einem\u00a0befreienden Tag\u00a0im Biosph\u00e4renreservat Th\u00fcringer Wald\u00a0bringen Sauna, Ruheraum oder unsere Wiesengrund Entspannung. In den Kuschelnestern kann man es sich drau\u00dfen gem\u00fctlich machen. Man kann dem Pl\u00e4tschern des Gebirgsbaches lauschen und die H\u00e4nde darin k\u00fchlen. Was gibt es Wichtigeres dann als herauszufinden, wie eigentlich B\u00e4rwurz oder Schafgarbe riechen? Wenn man beim Streifen durch die Blumenwiese achtsam ist, kann man die verschiedenen Pflanzenarten einer besonderen Kulturlandschaft entdecken &#8211; dann ist man wirklich im Moment.\u00a0Mit etwas Gl\u00fcck schaut auch der seltene Schwarzstorch vorbei. Alle Sinne kommen zusammen zu einer ganz besonderen Erfahrung.<\/p>\n<\/div>\n<div>\n<p>        <img decoding=\"async\" src=\"\/wp-content\/uploads\/icon-xs-sauna.svg\" alt=\"\"><\/p>\n<h3>F\u00fcr die G\u00e4ste unserer Suiten und Turmsuiten ist der Saunagenuss im Zimmerpreis inbegriffen.<\/h3>\n<\/div>\n<ul>\n<li>\n<p>        <img decoding=\"async\" src=\"\/wp-content\/uploads\/2026\/01\/Auftanken-in-der-Natur-Sauna-1-scaled.jpg\" alt=\"\"><\/p>\n<\/li>\n<li>\n<p>        <img decoding=\"async\" src=\"\/wp-content\/uploads\/2026\/01\/Auftanken-in-der-Natur-Sauna-3-scaled.jpg\" alt=\"\"><\/p>\n<\/li>\n<li>\n<p>        <img decoding=\"async\" src=\"\/wp-content\/uploads\/2026\/01\/Auftanken-in-der-Natur-Sauna-2-scaled.jpg\" alt=\"\"><\/p>\n<\/li>\n<\/ul>\n<h1>\n<p>Unsere Wanderphilosophie<\/p>\n<\/h1>\n<div>\n<p>Wandern ist mehr als nur ein Weg \u2013 es ist eine Reise in den Moment. Schritt f\u00fcr Schritt den K\u00f6rper sp\u00fcren, den Blick \u00fcber die Bergwiesen schweifen lassen, V\u00f6gel singen h\u00f6ren und den Duft von Trollblumen einatmen. Durch das Vessertal, \u00fcber den Schneekopf und auf den Finsterberg bewegt sich nicht nur der K\u00f6rper, sondern auch der Geist. Aufstieg und Abstieg, Tempo und Pause \u2013 wie das Leben selbst.<\/p>\n<p>In der Stille der Berge offenbart sich eine tiefere Wahrheit: Wenn Pflicht und Eile weichen, bleibt das Wesentliche \u2013 ein klarer Geist, Freiheit und Naturverbundenheit. Der Rhythmus der Natur schenkt Achtsamkeit und Entschleunigung. Einen Gipfel erklimmen, die Aussicht genie\u00dfen, eine H\u00fctte erreichen und sich mit einem k\u00f6stlichen Gericht belohnen \u2013 das Wandern zeigt uns die F\u00fclle des Lebens in ihrer reinsten Form. Wanderwege und Loipennetze, wie etwa in die Kernzone &#8220;Vessertal&#8221; des Biosph\u00e4renreservats, beginnen direkt am Haus.<\/p>\n<\/div>\n<p><img decoding=\"async\" src=\"\/wp-content\/uploads\/2025\/12\/Kraeuter-rechte-Seite.png\" alt=\"\"><\/p>\n<blockquote>\n<p style=\"text-align: center;\">\u201eEs ist ein einziger gro\u00dfer Kuchen aus Sonnenaufg\u00e4ngen und Blaubeerreisig mit reifen Beeren und Sommersprossen, die du auf den Armen hast, und abendlichem Mondschein \u00fcber dem Fluss und Sternenhimmel und Wald in der Mittagshitze, voll von Sonnenlicht auf den Fichten und Regenschauern und all sowas. Und voller Eichh\u00f6rnchen und F\u00fcchse und Hasen [\u2026] und dazu alle Wildpferde, die wir kennen. Und auch noch unser Schwimmen und Reiten im Wald, ja, da h\u00f6rst du, dass mein gro\u00dfer Kuchen aus allem besteht, was Sommer ist.\u201c<\/p>\n<footer>\n<p>                <cite>aus Ronja R\u00e4ubertochter, Astrid Lindgren<\/cite><\/p>\n<\/footer>\n<\/blockquote>\n<p><img decoding=\"async\" src=\"\/wp-content\/uploads\/2026\/03\/Plan_Hotel_Gastinger.svg\" alt=\"\"><\/p>\n<p><!--more--><br \/>\n<!-- {\"type\":\"layout\",\"children\":[{\"type\":\"section\",\"props\":{\"header_transparent\":true,\"header_transparent_noplaceholder\":true,\"header_transparent_text_color\":\"light\",\"image_height\":1200,\"image_position\":\"center-center\",\"image_width\":1200,\"overlap\":false,\"padding_bottom\":\"none\",\"padding_remove_horizontal\":false,\"padding_top\":\"none\",\"preserve_color\":false,\"style\":\"default\",\"title_breakpoint\":\"xl\",\"title_position\":\"top-left\",\"title_rotation\":\"left\",\"vertical_align\":\"middle\",\"width\":\"\"},\"children\":[{\"type\":\"row\",\"children\":[{\"type\":\"column\",\"props\":{\"image_position\":\"center-center\",\"position_sticky_breakpoint\":\"m\"},\"children\":[{\"type\":\"slideshow\",\"props\":{\"height_expand\":false,\"height_viewport_offset\":false,\"link_style\":\"default\",\"link_text\":\"Read more\",\"margin_bottom\":\"default\",\"margin_top\":\"default\",\"meta_align\":\"below-title\",\"meta_element\":\"div\",\"meta_style\":\"text-meta\",\"nav\":\"dotnav\",\"nav_align\":\"center\",\"nav_breakpoint\":\"s\",\"nav_position\":\"bottom-center\",\"nav_position_margin\":\"small\",\"overlay_animation\":\"parallax\",\"overlay_container\":\"default\",\"overlay_link\":false,\"overlay_position\":\"center\",\"show_content\":true,\"show_link\":true,\"show_meta\":true,\"show_thumbnail\":true,\"show_title\":true,\"slidenav\":\"\",\"slidenav_breakpoint\":\"s\",\"slidenav_margin\":\"medium\",\"slidenav_outside_breakpoint\":\"xl\",\"slideshow_autoplay\":true,\"slideshow_autoplay_pause\":false,\"slideshow_min_height\":300,\"slideshow_ratio\":\"16:10\",\"thumbnav_height\":\"75\",\"thumbnav_svg_color\":\"emphasis\",\"thumbnav_width\":\"100\",\"title_element\":\"h3\",\"title_hover_style\":\"reset\"},\"children\":[{\"type\":\"slideshow_item\",\"props\":{\"image\":\"wp-content\/uploads\/2026\/01\/Auftanken-in-der-Natur-Header-1-scaled.jpg\"}},{\"type\":\"slideshow_item\",\"props\":{\"image\":\"wp-content\/uploads\/2026\/01\/Auftanken-in-der-Natur-Header-2_2-scaled.jpg\"}},{\"type\":\"slideshow_item\",\"props\":{\"image\":\"wp-content\/uploads\/2026\/01\/Auftanken-in-der-Natur-Header-3-scaled.jpg\"}}]},{\"type\":\"image\",\"props\":{\"animation\":\"parallax\",\"blend\":false,\"image\":\"wp-content\/uploads\/2026\/01\/Schriftzug-Geniesse-den-Tagx.svg\",\"image_focal_point\":\"center-right\",\"image_svg_color\":\"warning\",\"image_svg_inline\":true,\"image_width\":500,\"margin_bottom\":\"default\",\"margin_top\":\"default\",\"parallax_blur\":\"29\",\"parallax_y\":\"-420\",\"position\":\"absolute\",\"position_left\":\"0\",\"position_top\":\"1000\",\"position_z_index\":\"0\",\"text_align\":\"center\"}}]}],\"props\":{\"alignment\":\"center\",\"column_gap\":\"collapse\",\"height\":\"pixels\",\"margin_bottom\":\"remove\",\"margin_top\":\"remove\",\"row_gap\":\"collapse\"}}],\"name\":\"SLIDE\"},{\"type\":\"section\",\"props\":{\"image_position\":\"center-center\",\"style\":\"default\",\"title_breakpoint\":\"xl\",\"title_position\":\"top-left\",\"title_rotation\":\"left\",\"vertical_align\":\"middle\",\"width\":\"default\"},\"children\":[{\"type\":\"row\",\"props\":{\"layout\":\"1-4,1-2,1-4\"},\"children\":[{\"type\":\"column\",\"props\":{\"image_position\":\"center-center\",\"position_sticky_breakpoint\":\"m\",\"width_medium\":\"1-4\"}},{\"type\":\"column\",\"props\":{\"image_position\":\"center-center\",\"position_sticky_breakpoint\":\"m\",\"width_medium\":\"1-2\"},\"children\":[{\"type\":\"headline\",\"props\":{\"content\":\"Eine Umarmung der Natur\",\"image_align\":\"left\",\"image_margin\":\"xsmall\",\"title_element\":\"h1\"}},{\"type\":\"text\",\"props\":{\"column_breakpoint\":\"m\",\"content\":\"\n\n<p>Die klare Luft und die\u00a0vielf\u00e4ltige Natur des Th\u00fcringer Waldes sind eine Wohltat f\u00fcr K\u00f6rper und Seele.\u00a0<\/p>\n\n\\n\n\n<p>Nach\u00a0einem\u00a0befreienden Tag\u00a0im Biosph\u00e4renreservat Th\u00fcringer Wald\u00a0bringen Sauna, Ruheraum oder unsere Wiesengrund Entspannung. In den Kuschelnestern kann man es sich drau\u00dfen gem\u00fctlich machen. Man kann dem Pl\u00e4tschern des Gebirgsbaches lauschen und die H\u00e4nde darin k\u00fchlen. Was gibt es Wichtigeres dann als herauszufinden, wie eigentlich B\u00e4rwurz oder Schafgarbe riechen? Wenn man beim Streifen durch die Blumenwiese achtsam ist, kann man die verschiedenen Pflanzenarten einer besonderen Kulturlandschaft entdecken - dann ist man wirklich im Moment.\u00a0Mit etwas Gl\u00fcck schaut auch der seltene Schwarzstorch vorbei. Alle Sinne kommen zusammen zu einer ganz besonderen Erfahrung.<\/p>\n\n\",\"margin_bottom\":\"default\",\"margin_top\":\"default\"}}]},{\"type\":\"column\",\"props\":{\"image_position\":\"center-center\",\"position_sticky_breakpoint\":\"m\",\"width_medium\":\"1-4\"}}]},{\"type\":\"row\",\"children\":[{\"type\":\"column\",\"props\":{\"image_position\":\"center-center\",\"position_sticky_breakpoint\":\"m\"},\"children\":[{\"name\":\"Panel Style Card Default\",\"type\":\"panel\",\"props\":{\"block_align\":\"center\",\"content\":\"\",\"content_column_breakpoint\":\"m\",\"content_margin\":\"small\",\"height_expand\":false,\"image\":\"wp-content\/uploads\/icon-xs-sauna.svg\",\"image_align\":\"top\",\"image_focal_point\":\"center-left\",\"image_grid_breakpoint\":\"m\",\"image_grid_width\":\"1-2\",\"image_height\":\"50\",\"image_svg_color\":\"primary\",\"image_svg_inline\":true,\"image_width\":\"50\",\"link_style\":\"default\",\"link_text\":\"Read more\",\"margin_bottom\":\"default\",\"margin_top\":\"default\",\"meta\":\"\",\"meta_align\":\"above-title\",\"meta_element\":\"div\",\"meta_style\":\"text-meta\",\"panel_padding\":\"default\",\"panel_style\":\"card-default\",\"title\":\"F\u00fcr die G\u00e4ste unserer Suiten und Turmsuiten ist der Saunagenuss im Zimmerpreis inbegriffen.\",\"title_align\":\"top\",\"title_element\":\"h3\",\"title_grid_breakpoint\":\"m\",\"title_grid_width\":\"1-2\",\"title_hover_style\":\"reset\"}},{\"type\":\"gallery\",\"props\":{\"filter_align\":\"left\",\"filter_all\":true,\"filter_grid_breakpoint\":\"m\",\"filter_grid_width\":\"auto\",\"filter_position\":\"top\",\"filter_style\":\"tab\",\"grid_default\":\"1\",\"grid_medium\":\"3\",\"item_animation\":true,\"lightbox_bg_close\":true,\"link_style\":\"default\",\"link_text\":\"Read more\",\"margin_bottom\":\"default\",\"margin_top\":\"default\",\"meta_align\":\"below-title\",\"meta_element\":\"div\",\"meta_style\":\"text-meta\",\"overlay_hover\":true,\"overlay_mode\":\"cover\",\"overlay_position\":\"center\",\"overlay_style\":\"overlay-primary\",\"overlay_transition\":\"fade\",\"show_content\":true,\"show_hover_image\":true,\"show_hover_video\":true,\"show_link\":true,\"show_meta\":true,\"show_title\":true,\"text_align\":\"center\",\"text_color\":\"light\",\"title_element\":\"h3\",\"title_hover_style\":\"reset\"},\"children\":[{\"type\":\"gallery_item\",\"props\":{\"image\":\"wp-content\/uploads\/2026\/01\/Auftanken-in-der-Natur-Sauna-1-scaled.jpg\"}},{\"type\":\"gallery_item\",\"props\":{\"image\":\"wp-content\/uploads\/2026\/01\/Auftanken-in-der-Natur-Sauna-3-scaled.jpg\"}},{\"type\":\"gallery_item\",\"props\":{\"image\":\"wp-content\/uploads\/2026\/01\/Auftanken-in-der-Natur-Sauna-2-scaled.jpg\"}}]}]}]},{\"type\":\"row\",\"props\":{\"layout\":\"1-4,1-2,1-4\"},\"children\":[{\"type\":\"column\",\"props\":{\"image_position\":\"center-center\",\"position_sticky_breakpoint\":\"m\",\"width_medium\":\"1-4\"}},{\"type\":\"column\",\"props\":{\"image_position\":\"center-center\",\"position_sticky_breakpoint\":\"m\",\"width_medium\":\"1-2\"},\"children\":[{\"type\":\"headline\",\"props\":{\"content\":\"\n\n<p>Unsere Wanderphilosophie<\/p>\n\n\",\"image_align\":\"left\",\"image_margin\":\"xsmall\",\"title_element\":\"h1\"}},{\"type\":\"text\",\"props\":{\"column_breakpoint\":\"m\",\"content\":\"\n\n<p>Wandern ist mehr als nur ein Weg \u2013 es ist eine Reise in den Moment. Schritt f\u00fcr Schritt den K\u00f6rper sp\u00fcren, den Blick \u00fcber die Bergwiesen schweifen lassen, V\u00f6gel singen h\u00f6ren und den Duft von Trollblumen einatmen. Durch das Vessertal, \u00fcber den Schneekopf und auf den Finsterberg bewegt sich nicht nur der K\u00f6rper, sondern auch der Geist. Aufstieg und Abstieg, Tempo und Pause \u2013 wie das Leben selbst.<\/p>\n\n\\n\n\n<p>In der Stille der Berge offenbart sich eine tiefere Wahrheit: Wenn Pflicht und Eile weichen, bleibt das Wesentliche \u2013 ein klarer Geist, Freiheit und Naturverbundenheit. Der Rhythmus der Natur schenkt Achtsamkeit und Entschleunigung. Einen Gipfel erklimmen, die Aussicht genie\u00dfen, eine H\u00fctte erreichen und sich mit einem k\u00f6stlichen Gericht belohnen \u2013 das Wandern zeigt uns die F\u00fclle des Lebens in ihrer reinsten Form. Wanderwege und Loipennetze, wie etwa in die Kernzone \\\"Vessertal\\\" des Biosph\u00e4renreservats, beginnen direkt am Haus.<\/p>\n\n\",\"margin_bottom\":\"default\",\"margin_top\":\"default\"}}]},{\"type\":\"column\",\"props\":{\"image_position\":\"center-center\",\"position_sticky_breakpoint\":\"m\",\"width_medium\":\"1-4\"},\"children\":[{\"type\":\"image\",\"props\":{\"height_expand\":false,\"image\":\"wp-content\/uploads\/2025\/12\/Kraeuter-rechte-Seite.png\",\"image_height\":300,\"image_svg_color\":\"emphasis\",\"margin_bottom\":\"default\",\"margin_top\":\"default\",\"position\":\"relative\",\"position_top\":\"80\"}}]}]}]},{\"type\":\"section\",\"props\":{\"image_position\":\"center-center\",\"style\":\"primary\",\"title_breakpoint\":\"xl\",\"title_position\":\"top-left\",\"title_rotation\":\"left\",\"vertical_align\":\"middle\",\"width\":\"default\"},\"children\":[{\"type\":\"row\",\"children\":[{\"type\":\"column\",\"props\":{\"image_position\":\"center-center\",\"position_sticky_breakpoint\":\"m\"},\"children\":[{\"name\":\"Quotation Author\",\"type\":\"quotation\",\"props\":{\"author\":\"aus Ronja R\u00e4ubertochter, Astrid Lindgren\",\"content\":\"\n\n<p style=\\\"text-align: center;\\\">\u201eEs ist ein einziger gro\u00dfer Kuchen aus Sonnenaufg\u00e4ngen und Blaubeerreisig mit reifen Beeren und Sommersprossen, die du auf den Armen hast, und abendlichem Mondschein \u00fcber dem Fluss und Sternenhimmel und Wald in der Mittagshitze, voll von Sonnenlicht auf den Fichten und Regenschauern und all sowas. Und voller Eichh\u00f6rnchen und F\u00fcchse und Hasen [\u2026] und dazu alle Wildpferde, die wir kennen. Und auch noch unser Schwimmen und Reiten im Wald, ja, da h\u00f6rst du, dass mein gro\u00dfer Kuchen aus allem besteht, was Sommer ist.\u201c<\/p>\n\n\"}}]}]}]},{\"type\":\"section\",\"props\":{\"image_position\":\"center-center\",\"style\":\"default\",\"title_breakpoint\":\"xl\",\"title_position\":\"top-left\",\"title_rotation\":\"left\",\"vertical_align\":\"middle\",\"width\":\"default\"},\"children\":[{\"type\":\"row\",\"children\":[{\"type\":\"column\",\"props\":{\"image_position\":\"center-center\",\"position_sticky_breakpoint\":\"m\"},\"children\":[{\"type\":\"image\",\"props\":{\"image\":\"wp-content\/uploads\/2026\/03\/Plan_Hotel_Gastinger.svg\",\"image_svg_color\":\"emphasis\",\"margin_bottom\":\"default\",\"margin_top\":\"default\"}}]}]}]}],\"version\":\"5.0.19\"} --><\/p>\n","protected":false},"excerpt":{"rendered":"<p>Eine Umarmung der Natur Die klare Luft und die\u00a0vielf\u00e4ltige Natur des Th\u00fcringer Waldes sind eine Wohltat f\u00fcr K\u00f6rper und Seele.\u00a0 Nach\u00a0einem\u00a0befreienden Tag\u00a0im Biosph\u00e4renreservat Th\u00fcringer Wald\u00a0bringen Sauna, Ruheraum oder unsere Wiesengrund Entspannung. In den Kuschelnestern kann man es sich drau\u00dfen gem\u00fctlich machen. Man kann dem Pl\u00e4tschern des Gebirgsbaches lauschen und die H\u00e4nde darin k\u00fchlen. Was gibt [&hellip;]<\/p>\n","protected":false},"author":1,"featured_media":0,"parent":0,"menu_order":0,"comment_status":"closed","ping_status":"closed","template":"","meta":{"footnotes":""},"class_list":["post-903","page","type-page","status-publish","hentry"],"_links":{"self":[{"href":"https:\/\/www.hotelgastinger.de\/en\/wp-json\/wp\/v2\/pages\/903","targetHints":{"allow":["GET"]}}],"collection":[{"href":"https:\/\/www.hotelgastinger.de\/en\/wp-json\/wp\/v2\/pages"}],"about":[{"href":"https:\/\/www.hotelgastinger.de\/en\/wp-json\/wp\/v2\/types\/page"}],"author":[{"embeddable":true,"href":"https:\/\/www.hotelgastinger.de\/en\/wp-json\/wp\/v2\/users\/1"}],"replies":[{"embeddable":true,"href":"https:\/\/www.hotelgastinger.de\/en\/wp-json\/wp\/v2\/comments?post=903"}],"version-history":[{"count":16,"href":"https:\/\/www.hotelgastinger.de\/en\/wp-json\/wp\/v2\/pages\/903\/revisions"}],"predecessor-version":[{"id":1575,"href":"https:\/\/www.hotelgastinger.de\/en\/wp-json\/wp\/v2\/pages\/903\/revisions\/1575"}],"wp:attachment":[{"href":"https:\/\/www.hotelgastinger.de\/en\/wp-json\/wp\/v2\/media?parent=903"}],"curies":[{"name":"wp","href":"https:\/\/api.w.org\/{rel}","templated":true}]}}